{"id":1119,"date":"2020-03-24T17:26:22","date_gmt":"2020-03-24T16:26:22","guid":{"rendered":"http:\/\/urbi-et-orbi.fr\/CMS\/?page_id=1119"},"modified":"2020-08-06T11:19:38","modified_gmt":"2020-08-06T09:19:38","slug":"mentions-legales","status":"publish","type":"page","link":"https:\/\/urbi-et-orbi.fr\/index.php\/mentions-legales\/","title":{"rendered":"Mentions l\u00e9gales"},"content":{"rendered":"<p>[et_pb_section fb_built=\u00a0\u00bb1&Prime; admin_label=\u00a0\u00bbEnTete &#8211; Couleur\u00a0\u00bb module_id=\u00a0\u00bba1menu\u00a0\u00bb module_class=\u00a0\u00bba1header\u00a0\u00bb _builder_version=\u00a0\u00bb4.5.3&Prime; background_color=\u00a0\u00bb#45b751&Prime; max_height=\u00a0\u00bb120px\u00a0\u00bb custom_padding=\u00a0\u00bb10px||0px||false|false\u00a0\u00bb border_width_bottom=\u00a0\u00bb1px\u00a0\u00bb border_color_bottom=\u00a0\u00bb#339999&Prime; border_style_bottom=\u00a0\u00bbnone\u00a0\u00bb global_module=\u00a0\u00bb1668&Prime;][et_pb_row column_structure=\u00a0\u00bb1_2,1_2&Prime; _builder_version=\u00a0\u00bb4.4.2&Prime; background_size=\u00a0\u00bbinitial\u00a0\u00bb background_position=\u00a0\u00bbtop_left\u00a0\u00bb background_repeat=\u00a0\u00bbrepeat\u00a0\u00bb custom_margin=\u00a0\u00bb||||false|false\u00a0\u00bb custom_padding=\u00a0\u00bb0px|5px|0px|5px|false|false\u00a0\u00bb][et_pb_column type=\u00a0\u00bb1_2&Prime; _builder_version=\u00a0\u00bb4.4.2&Prime;][et_pb_image src=\u00a0\u00bbhttps:\/\/urbi-et-orbi.fr\/CMS\/wp-content\/uploads\/2020\/06\/Logo-UO-Menu-60&#215;350-B.png\u00a0\u00bb alt=\u00a0\u00bbLogo UO\u00a0\u00bb title_text=\u00a0\u00bbAccueil\u00a0\u00bb url=\u00a0\u00bb@ET-DC@eyJkeW5hbWljIjp0cnVlLCJjb250ZW50IjoicG9zdF9saW5rX3VybF9wYWdlIiwic2V0dGluZ3MiOnsicG9zdF9pZCI6IjI4MiJ9fQ==@\u00a0\u00bb admin_label=\u00a0\u00bbLogo\u00a0\u00bb _builder_version=\u00a0\u00bb4.4.8&Prime; _dynamic_attributes=\u00a0\u00bburl\u00a0\u00bb][\/et_pb_image][et_pb_code admin_label=\u00a0\u00bbCode Java\u00a0\u00bb _builder_version=\u00a0\u00bb4.4.2&Prime;]<script>window.onscroll=function(){myFunction()};var a1header=document.getElementById(\"a1menu\"),sticky=a1header.offsetTop;function myFunction(){window.pageYOffset>sticky?a1header.classList.add(\"sticky\"):a1header.classList.remove(\"sticky\")}<\/script>[\/et_pb_code][\/et_pb_column][et_pb_column type=\u00a0\u00bb1_2&Prime; _builder_version=\u00a0\u00bb4.4.2&Prime;][et_pb_text disabled_on=\u00a0\u00bbon|on|off\u00a0\u00bb admin_label=\u00a0\u00bbMenu Ordi\u00a0\u00bb _builder_version=\u00a0\u00bb4.4.8&Prime; text_font=\u00a0\u00bbCabin||||||||\u00a0\u00bb custom_padding=\u00a0\u00bb30px||||false|false\u00a0\u00bb content__hover_enabled=\u00a0\u00bboff|desktop\u00a0\u00bb content__hover=\u00a0\u00bb<\/p>\n<h2 style=%22text-align: right;%22><span style=%22color: #000000;%22><a href=%22index.php\/atelier\/%22>atelier<\/a> \/ <a href=%22index.php\/projets\/%22>projet<\/a><\/span><\/h2>\n<p>\u00ab\u00a0]<\/p>\n<h2 style=\"text-align: right;\"><span style=\"color: #ffffff;\"><a href=\"index.php\/atelier\/\">atelier<\/a> \/ <a href=\"index.php\/projets\/\">projet<\/a><\/span><\/h2>\n<p>[\/et_pb_text][et_pb_menu submenu_direction=\u00a0\u00bbdownwards\u00a0\u00bb dropdown_menu_bg_color=\u00a0\u00bb#ffffff\u00a0\u00bb menu_icon_color=\u00a0\u00bb#ffffff\u00a0\u00bb menu_icon_font_size=\u00a0\u00bb30px\u00a0\u00bb disabled_on=\u00a0\u00bboff|off|on\u00a0\u00bb admin_label=\u00a0\u00bbMenu Mob\u00a0\u00bb _builder_version=\u00a0\u00bb4.4.8&Prime; menu_font=\u00a0\u00bbCabin||||||||\u00a0\u00bb menu_text_color=\u00a0\u00bb#000000&Prime; menu_font_size=\u00a0\u00bb18px\u00a0\u00bb background_enable_color=\u00a0\u00bboff\u00a0\u00bb text_orientation=\u00a0\u00bbright\u00a0\u00bb module_alignment=\u00a0\u00bbright\u00a0\u00bb custom_margin=\u00a0\u00bb-50px||||false|false\u00a0\u00bb menu_text_color__hover_enabled=\u00a0\u00bbon|desktop\u00a0\u00bb menu_text_color__hover=\u00a0\u00bb#ffffff\u00a0\u00bb][\/et_pb_menu][et_pb_code admin_label=\u00a0\u00bbCode CSS\u00a0\u00bb _builder_version=\u00a0\u00bb4.4.2&Prime;]<\/p>\n<style>.sticky{position:fixed;top:0;width:100%;z-index:9990;}<\/style>\n<p>[\/et_pb_code][\/et_pb_column][\/et_pb_row][\/et_pb_section][et_pb_section fb_built=\u00a0\u00bb1&Prime; _builder_version=\u00a0\u00bb4.4.1&Prime; bottom_divider_color=\u00a0\u00bb#e0e0e0&Prime; border_width_bottom=\u00a0\u00bb3px\u00a0\u00bb border_color_bottom=\u00a0\u00bb#aaaaaa\u00a0\u00bb border_style_bottom=\u00a0\u00bbnone\u00a0\u00bb][et_pb_row _builder_version=\u00a0\u00bb4.5.3&Prime; custom_padding=\u00a0\u00bb||||false|false\u00a0\u00bb][et_pb_column type=\u00a0\u00bb4_4&Prime; _builder_version=\u00a0\u00bb4.0.9&Prime;][et_pb_text _builder_version=\u00a0\u00bb4.5.3&Prime; header_font=\u00a0\u00bbOswald|||on|||||\u00a0\u00bb header_font_size=\u00a0\u00bb45px\u00a0\u00bb header_2_font=\u00a0\u00bbOswald|||on|||||\u00a0\u00bb header_2_font_size=\u00a0\u00bb45px\u00a0\u00bb header_2_letter_spacing=\u00a0\u00bb3px\u00a0\u00bb]<\/p>\n<h1>Mentions l\u00e9gales<\/h1>\n<p><strong>Identit\u00e9<\/strong><br \/> D\u00e9nomination sociale : Urbi et orbi &#8211; Paysage et urbanisme<br \/> SARL au capital de 26 980 euros<br \/> Adresse du si\u00e8ge social : 7 grande rue de Saint-Rambert<br \/> Tel : 04 72 00 27 24<br \/> RCS : Lyon 491 698 221<br \/> Code APE : 7111Z<br \/> N\u00b0 TVA : FR58 491 698 221<br \/> Mel : contact<!--bla-->@<!--bla-->urbi<!--bla-->-et-<!--bla-->orbi.<!--bla-->fr<br \/> Nom de la directrice : Pricilla TETAZ<\/p>\n<p>[\/et_pb_text][et_pb_text _builder_version=\u00a0\u00bb4.4.1&Prime;]<strong>Herbergement web<\/strong><br \/>\nD\u00e9nomination sociale : OVH<br \/>\nSAS au capital de 10 069 020 \u20ac<br \/>\nAdresse : 2 rue Kellermann &#8211; 59100 Roubaix &#8211; France<br \/>\nTel :<br \/>\nRCS : Lille M\u00e9tropole 424 761 419 00045<br \/>\nCode APE : 2620Z<br \/>\nN\u00b0 TVA : FR 22 424 761 419<br \/>\nNom du pr\u00e9sident : Henryk KLABA[\/et_pb_text][et_pb_text _builder_version=\u00a0\u00bb4.5.3&Prime; hover_enabled=\u00a0\u00bb0&Prime;]<\/p>\n<p><strong>Mentions relatives \u00e0 l&rsquo;utilisation de cookies<\/strong><br \/> Ce site web utilise des cookies \u00e0 des fins statistique et\u00a0<span>pour nous permettre de mieux comprendre comment il est utilis\u00e9. Par exemple nous r\u00e9cup\u00e9rons les donn\u00e9es de page d&rsquo;entr\u00e9e sur le site, le mot cl\u00e9 que vous avez tap\u00e9 dans le moteur de recherche, le temps que vous passez par page, votre adresse IP, votre ville et pays &#8230;.<\/span><\/p>\n<p><span>En continuant \u00e0 utiliser ce site, vous acceptez cette politique.<\/span><\/p>\n<p>[\/et_pb_text][et_pb_text _builder_version=\u00a0\u00bb4.5.3&Prime; hover_enabled=\u00a0\u00bb0&Prime;]<strong>Mentions relatives \u00e0 l&rsquo;utilisation de donn\u00e9es personnelles<\/strong><br \/>\nCe site web n&rsquo;enregistre pas de donn\u00e9es personnelles \u00e0 l&rsquo;exception des informations stock\u00e9es dans les cookies.[\/et_pb_text][\/et_pb_column][\/et_pb_row][\/et_pb_section][et_pb_section fb_built=\u00a0\u00bb1&Prime; _builder_version=\u00a0\u00bb4.4.8&Prime; background_color=\u00a0\u00bb#bcbcbc\u00a0\u00bb background_enable_color=\u00a0\u00bboff\u00a0\u00bb use_background_color_gradient=\u00a0\u00bbon\u00a0\u00bb background_color_gradient_start=\u00a0\u00bb#ffffff\u00a0\u00bb background_color_gradient_end=\u00a0\u00bb#939393&Prime; custom_margin=\u00a0\u00bb||||false|false\u00a0\u00bb custom_padding=\u00a0\u00bb10px||0px||false|false\u00a0\u00bb global_module=\u00a0\u00bb1258&Prime; saved_tabs=\u00a0\u00bball\u00a0\u00bb locked=\u00a0\u00bboff\u00a0\u00bb][et_pb_row column_structure=\u00a0\u00bb1_2,1_2&Prime; _builder_version=\u00a0\u00bb4.4.2&Prime; width=\u00a0\u00bb100%\u00a0\u00bb custom_padding=\u00a0\u00bb|5px||5px|false|false\u00a0\u00bb][et_pb_column type=\u00a0\u00bb1_2&Prime; admin_label=\u00a0\u00bbAdresse\u00a0\u00bb _builder_version=\u00a0\u00bb4.4.2&Prime;][et_pb_text admin_label=\u00a0\u00bbAtelier UO\u00a0\u00bb _builder_version=\u00a0\u00bb4.5.3&Prime;]<\/p>\n<h3><strong>Atelier<\/strong> <img loading=\"lazy\" decoding=\"async\" class=\"alignnone wp-image-2188 size-full\" src=\"https:\/\/urbi-et-orbi.fr\/CMS\/wp-content\/uploads\/2020\/08\/Logo-UO-Footer-25x42-V.png\" alt=\"\" width=\"42\" height=\"25\" \/><\/h3>\n<h5>7 Grande rue de Saint-Rambert, 69009 Lyon<br \/>contact<!--bla-->@<!--bla-->urbi<!--bla-->-et-<!--bla-->orbi.<!--bla-->fr<br \/>Tel : <span style=\"color: #45b751;\"><a href=\"tel:+33472002724\">04 72 00 27 24<\/a><\/span><\/h5>\n<p>[\/et_pb_text][\/et_pb_column][et_pb_column type=\u00a0\u00bb1_2&Prime; admin_label=\u00a0\u00bbInstagram\u00a0\u00bb _builder_version=\u00a0\u00bb4.4.2&Prime;][et_pb_text disabled_on=\u00a0\u00bbon|on|off\u00a0\u00bb admin_label=\u00a0\u00bbInstagram &#038; Mention l\u00e9gales &#8211; Ordi\u00a0\u00bb _builder_version=\u00a0\u00bb4.5.3&Prime; custom_padding=\u00a0\u00bb0px||0px||false|false\u00a0\u00bb]<\/p>\n<h5 style=\"text-align: right;\"><a title=\"Suivez nous sur Instagram\" href=\"https:\/\/www.instagram.com\/atelier_uo\/\"><img loading=\"lazy\" decoding=\"async\" class=\"wp-image-1113 alignnone size-medium\" src=\"https:\/\/urbi-et-orbi.fr\/CMS\/wp-content\/uploads\/2020\/03\/Instagram-N-300x300.png\" alt=\"\" width=\"30\" height=\"30\" \/><\/a><br \/><span style=\"color: #45b751;\"><a title=\"Consulter\" href=\"https:\/\/urbi-et-orbi.fr\/CMS\/index.php\/mentions-legales\/\">Mentions l\u00e9gales<\/a><\/span><\/h5>\n<p>[\/et_pb_text][et_pb_text disabled_on=\u00a0\u00bboff|off|on\u00a0\u00bb admin_label=\u00a0\u00bbInstagram &#038; Mention l\u00e9gales &#8211; Mob\u00a0\u00bb _builder_version=\u00a0\u00bb4.5.3&Prime; custom_margin=\u00a0\u00bb-50px||||false|false\u00a0\u00bb custom_padding=\u00a0\u00bb0px||0px||false|false\u00a0\u00bb locked=\u00a0\u00bboff\u00a0\u00bb]<\/p>\n<h5 style=\"text-align: right;\"><a title=\"Suivez nous sur Instagram\" href=\"https:\/\/www.instagram.com\/atelier_uo\/\"><img loading=\"lazy\" decoding=\"async\" class=\"wp-image-1113 alignnone size-medium\" src=\"https:\/\/urbi-et-orbi.fr\/CMS\/wp-content\/uploads\/2020\/03\/Instagram-N-300x300.png\" alt=\"\" width=\"30\" height=\"30\" \/><\/a><br \/><span style=\"color: #45b751;\"><a title=\"Consulter\" href=\"https:\/\/urbi-et-orbi.fr\/CMS\/index.php\/mentions-legales\/\">Mentions l\u00e9gales<\/a><\/span><\/h5>\n<p>[\/et_pb_text][\/et_pb_column][\/et_pb_row][\/et_pb_section]<\/p>\n","protected":false},"excerpt":{"rendered":"<p>atelier \/ projetMentions l\u00e9gales Identit\u00e9 D\u00e9nomination sociale : Urbi et orbi &#8211; Paysage et urbanisme SARL au capital de 26 980 euros Adresse du si\u00e8ge social : 7 grande rue de Saint-Rambert Tel : 04 72 00 27 24 RCS : Lyon 491 698 221 Code APE : 7111Z N\u00b0 TVA : FR58 491 698 [&hellip;]<\/p>\n","protected":false},"author":1,"featured_media":0,"parent":0,"menu_order":0,"comment_status":"closed","ping_status":"closed","template":"page-template-blank.php","meta":{"_et_pb_use_builder":"on","_et_pb_old_content":"","_et_gb_content_width":"","footnotes":""},"class_list":["post-1119","page","type-page","status-publish","hentry"],"aioseo_notices":[],"_links":{"self":[{"href":"https:\/\/urbi-et-orbi.fr\/index.php\/wp-json\/wp\/v2\/pages\/1119","targetHints":{"allow":["GET"]}}],"collection":[{"href":"https:\/\/urbi-et-orbi.fr\/index.php\/wp-json\/wp\/v2\/pages"}],"about":[{"href":"https:\/\/urbi-et-orbi.fr\/index.php\/wp-json\/wp\/v2\/types\/page"}],"author":[{"embeddable":true,"href":"https:\/\/urbi-et-orbi.fr\/index.php\/wp-json\/wp\/v2\/users\/1"}],"replies":[{"embeddable":true,"href":"https:\/\/urbi-et-orbi.fr\/index.php\/wp-json\/wp\/v2\/comments?post=1119"}],"version-history":[{"count":17,"href":"https:\/\/urbi-et-orbi.fr\/index.php\/wp-json\/wp\/v2\/pages\/1119\/revisions"}],"predecessor-version":[{"id":2367,"href":"https:\/\/urbi-et-orbi.fr\/index.php\/wp-json\/wp\/v2\/pages\/1119\/revisions\/2367"}],"wp:attachment":[{"href":"https:\/\/urbi-et-orbi.fr\/index.php\/wp-json\/wp\/v2\/media?parent=1119"}],"curies":[{"name":"wp","href":"https:\/\/api.w.org\/{rel}","templated":true}]}}